{"id":3681,"date":"2013-01-23T17:57:27","date_gmt":"2013-01-23T17:57:27","guid":{"rendered":"https:\/\/www.icom-croatia.hr\/members-list\/"},"modified":"2026-01-11T20:38:40","modified_gmt":"2026-01-11T20:38:40","slug":"members-list","status":"publish","type":"page","link":"https:\/\/www.icom-croatia.hr\/en\/membership\/members-list\/","title":{"rendered":"Members List"},"content":{"rendered":"<h4>Year 2023 ICOM Croatia institutional members:<\/h4>\n<ol class=\"membership-list institutional\">\n<li>Arheolo\u0161ki muzej Istre<\/li>\n<li>Arheolo\u0161ki muzej Osijek<\/li>\n<li>Arheolo\u0161ki muzej Zagreb<\/li>\n<li>Arheolo\u0161ki muzej Split<\/li>\n<li>Dubrova\u010dki muzeji<\/li>\n<li>Dvor Trako\u0161\u0107an<\/li>\n<li>Etnografski muzej Zagreb<\/li>\n<li>Galerija Klovi\u0107evi Dvori<\/li>\n<li>Galerija Prica (POU Samobor)<\/li>\n<li>Galerija umjetnina Split<\/li>\n<li>Glyptoteka HAZU<\/li>\n<li>Gradski muzej Vara\u017edin<\/li>\n<li>Gradski muzej Virovitica<\/li>\n<li>Hrvatski muzej naivne umjetnosti<\/li>\n<li>Hrvatski muzej turizma<\/li>\n<li>Hrvatski povijesni muzej<\/li>\n<li>Hrvatski restauratorski zavod<\/li>\n<li>Javna ustanova Spomen-podru\u010dje Jasenovac<\/li>\n<li>Me\u0111unarodni centar za podvodnu arheologiju Zadar<\/li>\n<li>Ministarstvo kulture i medija RH<\/li>\n<li>Muzej Brdovec<\/li>\n<li>Muzej grada Koprivnice<\/li>\n<li>Muzej grada Rovinja<\/li>\n<li>Muzej grada Splita<\/li>\n<li>Muzej grada Zagreba<\/li>\n<li>Muzej likovnih umjetnosti<\/li>\n<li>Muzej Mimara<\/li>\n<li>Muzej Slavonije<\/li>\n<li>Muzej suvremene umjetnosti<\/li>\n<li>Muzej za umjetnost i obrt<\/li>\n<li>Muzej Vu\u010dedolske kulture<\/li>\n<li>Muzeji Hrvatskog Zagorja<\/li>\n<li>Muzeji grada Karlovca<\/li>\n<li>Muzeji Ivana Me\u0161trovi\u0107a<\/li>\n<li>Muzeji i galerije Konavala<\/li>\n<li>Muzejski dokumentacijski centar<\/li>\n<li>Nacionalni muzej moderne umjetnosti<\/li>\n<li>Pomorski i povijesni muzej Hrvatskog primorja Rijeka<\/li>\n<li>Tehni\u010dki muzej Nikola Tesla<\/li>\n<li>Umjetni\u010dka galerija Dubrovnik<\/li>\n<\/ol>\n<h4>Year 2023 ICOM Croatia individual members:<\/h4>\n<ol class=\"membership-list individual\">\n<li>Angelina Jelin\u010di\u0107, Daniela<\/li>\n<li>Ar\u010dabi\u0107, Goran<\/li>\n<li>Ar\u010dabi\u0107, Maja<\/li>\n<li>Arko-Pijevac, Milvana<\/li>\n<li>Babi\u0107, Darko<\/li>\n<li>Baji\u0161, Natalija<\/li>\n<li>Bakari\u0107, Lidija<\/li>\n<li>Balen, Dubravka<\/li>\n<li>Bari\u0107, Mislav<\/li>\n<li>Bartoni\u010dek, Lado<\/li>\n<li>Bi\u0161kupi\u0107 Ba\u0161i\u0107, Iris<\/li>\n<li>Bla\u017eevi\u0107, Andrea<\/li>\n<li>Bra\u010di\u0107, Marijana<\/li>\n<li>Bregovac-Pisk, Marina<\/li>\n<li>Bukovac, Klara<\/li>\n<li>Buleti\u0107, Mario<\/li>\n<li>Cipek, Luka<\/li>\n<li>Cukrov, Ton\u010dika<\/li>\n<li>Cvitkovi\u0107, Ivan<\/li>\n<li>\u010cavi\u0107, Aldo<\/li>\n<li>\u010culjak, Ivana<\/li>\n<li>Deanovi\u0107, Antonija<\/li>\n<li>Devlahovi\u0107, Andrea<\/li>\n<li>Dronji\u0107, Matija<\/li>\n<li>Dunato, Jelena<\/li>\n<li>Dunato Pejnovi\u0107, Nadia<\/li>\n<li>\u0110ud, Leo<\/li>\n<li>Fiskovi\u0107, Lana Linda<\/li>\n<li>Fulanovi\u0107, Davor<\/li>\n<li>Ga\u0107ina \u0160kalamera, Sonja<\/li>\n<li>Glogovi\u0107, Dunja<\/li>\n<li>Glu\u010dina, Toni<\/li>\n<li>Gozze &#8211; Deli\u0107, Vesna<\/li>\n<li>Gveri\u0107, Kristina<\/li>\n<li>Hodak, Anita<\/li>\n<li>Hoi\u0107, Ana<\/li>\n<li>Horjan, Goranka<\/li>\n<li>Ivanek, Karlo<\/li>\n<li>Ivani\u0161in Kardum, Katarina<\/li>\n<li>Japund\u017ei\u0107, Milica<\/li>\n<li>Jelavi\u0107, \u017deljka<\/li>\n<li>Kalanj, Kristina<\/li>\n<li>Kamber, Marija<\/li>\n<li>Kantoci, Tea<\/li>\n<li>Kati\u0107, Mario<\/li>\n<li>Ke\u0161ac, Gracijano<\/li>\n<li>Kirini\u010di\u0107, Marin<\/li>\n<li>Klari\u0107, Vlasta<\/li>\n<li>Kolveshi, \u017deljka<\/li>\n<li>Ko\u0161\u010devi\u0107, \u017delimir<\/li>\n<li>Kova\u010d, Janja<\/li>\n<li>Kova\u010di\u0107, Marcelo<\/li>\n<li>Kralj, Ariana<\/li>\n<li>Kru\u017ei\u0107, Borut<\/li>\n<li>Kulej, Mihaela<\/li>\n<li>Kurtovi\u0107, Ileana<\/li>\n<li>Laura, Lada<\/li>\n<li>Leiner, Vesna<\/li>\n<li>Mari\u0107, Katarina<\/li>\n<li>Maleti\u0107 (ex. Markovi\u0107), Sara<\/li>\n<li>Maru\u0161i\u0107, Katarina<\/li>\n<li>Miklo\u0161evi\u0107, \u017deljka<\/li>\n<li>Milakovi\u0107, Gordana<\/li>\n<li>Mirth, Tea<\/li>\n<li>Modri\u0107 Surina, \u017deljka<\/li>\n<li>Musta\u010d, Sun\u010dica<\/li>\n<li>Nardelli, Bruna<\/li>\n<li>Nikoli\u0107 \u0110eri\u0107, Tamara<\/li>\n<li>Otima\u010di\u0107 \u0106urkovi\u0107, Helena<\/li>\n<li>Pecirep, Sanja<\/li>\n<li>Peri\u0107, Renata<\/li>\n<li>Perovi\u0107, Slaven<\/li>\n<li>Petrovi\u0107 (ex. Cvitkovi\u0107), Anastazija<\/li>\n<li>Pocedi\u0107, Katarina<\/li>\n<li>Popovi\u0107, Sara<\/li>\n<li>Prgomet, Branimir<\/li>\n<li>Radov\u010di\u0107, Davorka<\/li>\n<li>Ratkovi\u0107, Dragana Lucija<\/li>\n<li>Ratkovi\u0107-Bukov\u010dan, Lada<\/li>\n<li>Ribi\u010di\u0107 \u017dupani\u0107, Anica<\/li>\n<li>Saboli\u0107, Marija<\/li>\n<li>Serdar, Elizabeta<\/li>\n<li>Simon\u010di\u0107, Katarina Nina<\/li>\n<li>Skuljan Bili\u0107, Lana<\/li>\n<li>Splivalo, Jasenka<\/li>\n<li>Stipan\u010di\u0107, Branka<\/li>\n<li>Stojkovi\u0107, Vilma<\/li>\n<li>Stubli\u0107, Helena<\/li>\n<li>Stupni\u0161ek Lisac, Ema<\/li>\n<li>Surina, Bo\u0161tjan<\/li>\n<li>Su\u0161i\u0107, \u017deljka<\/li>\n<li>\u0160ojat-Biki\u0107, Maja<\/li>\n<li>\u0160ola, Tomislav<\/li>\n<li>\u0160poljar, Davor<\/li>\n<li>\u0160ulc, Branka<\/li>\n<li>Tarbuk, Nela<\/li>\n<li>Trbuljak, Lada<\/li>\n<li>Val\u010di\u0107, Marija<\/li>\n<li>Viljeti\u0107, Gordana<\/li>\n<li>Voki\u0107, Denis<\/li>\n<li>Vrabec, Vesna<\/li>\n<li>Vuji\u0107, \u017darka<\/li>\n<li>Zgaga, Vi\u0161nja<\/li>\n<li>\u017danko, Vanja<\/li>\n<\/ol>\n<h4>Year 2023 ICOM Croatia new individual members:<\/h4>\n<ol class=\"membership-list new-individual\">\n<li>Zeli\u0107 Debeljak, Wilhelmina<\/li>\n<li>Jelavi\u0107 Mitrovi\u0107, Nikolina<\/li>\n<li>\u0160tefan, Luka<\/li>\n<li>Tekli\u0107, Tereza<\/li>\n<li>Bedenko, Ana<\/li>\n<li>Dumbovi\u0107 \u017du\u017ei\u0107, Ivana<\/li>\n<li>Jurki\u0107 Flis, Marija<\/li>\n<li>Kulej, Mihaela<\/li>\n<li>Strem\u0161ek, Sara<\/li>\n<li>Bili\u010di\u0107, Lucija<\/li>\n<\/ol>\n","protected":false},"excerpt":{"rendered":"<p>Year 2023 ICOM Croatia institutional members: Arheolo\u0161ki muzej Istre Arheolo\u0161ki muzej Osijek Arheolo\u0161ki muzej Zagreb Arheolo\u0161ki muzej Split Dubrova\u010dki muzeji Dvor Trako\u0161\u0107an Etnografski muzej Zagreb Galerija Klovi\u0107evi Dvori Galerija Prica (POU Samobor) Galerija umjetnina Split Glyptoteka HAZU Gradski muzej Vara\u017edin Gradski muzej Virovitica Hrvatski muzej naivne umjetnosti Hrvatski muzej turizma Hrvatski povijesni muzej Hrvatski restauratorski [&hellip;]<\/p>\n","protected":false},"author":4,"featured_media":0,"parent":3608,"menu_order":5,"comment_status":"open","ping_status":"open","template":"","meta":{"footnotes":""},"class_list":["post-3681","page","type-page","status-publish","hentry"],"yoast_head":"<!-- This site is optimized with the Yoast SEO plugin v27.5 - https:\/\/yoast.com\/product\/yoast-seo-wordpress\/ -->\n<title>Members List - ICOM<\/title>\n<meta name=\"robots\" content=\"index, follow, max-snippet:-1, max-image-preview:large, max-video-preview:-1\" \/>\n<link rel=\"canonical\" href=\"https:\/\/www.icom-croatia.hr\/en\/membership\/members-list\/\" \/>\n<meta property=\"og:locale\" content=\"en_US\" \/>\n<meta property=\"og:type\" content=\"article\" \/>\n<meta property=\"og:title\" content=\"Members List - ICOM\" \/>\n<meta property=\"og:description\" content=\"Year 2023 ICOM Croatia institutional members: Arheolo\u0161ki muzej Istre Arheolo\u0161ki muzej Osijek Arheolo\u0161ki muzej Zagreb Arheolo\u0161ki muzej Split Dubrova\u010dki muzeji Dvor Trako\u0161\u0107an Etnografski muzej Zagreb Galerija Klovi\u0107evi Dvori Galerija Prica (POU Samobor) Galerija umjetnina Split Glyptoteka HAZU Gradski muzej Vara\u017edin Gradski muzej Virovitica Hrvatski muzej naivne umjetnosti Hrvatski muzej turizma Hrvatski povijesni muzej Hrvatski restauratorski [&hellip;]\" \/>\n<meta property=\"og:url\" content=\"https:\/\/www.icom-croatia.hr\/en\/membership\/members-list\/\" \/>\n<meta property=\"og:site_name\" content=\"ICOM\" \/>\n<meta property=\"article:modified_time\" content=\"2026-01-11T20:38:40+00:00\" \/>\n<meta name=\"twitter:card\" content=\"summary_large_image\" \/>\n<meta name=\"twitter:label1\" content=\"Est. reading time\" \/>\n\t<meta name=\"twitter:data1\" content=\"2 minutes\" \/>\n<script type=\"application\/ld+json\" class=\"yoast-schema-graph\">{\"@context\":\"https:\\\/\\\/schema.org\",\"@graph\":[{\"@type\":\"WebPage\",\"@id\":\"https:\\\/\\\/www.icom-croatia.hr\\\/en\\\/membership\\\/members-list\\\/\",\"url\":\"https:\\\/\\\/www.icom-croatia.hr\\\/en\\\/membership\\\/members-list\\\/\",\"name\":\"Members List - ICOM\",\"isPartOf\":{\"@id\":\"https:\\\/\\\/www.icom-croatia.hr\\\/#website\"},\"datePublished\":\"2013-01-23T17:57:27+00:00\",\"dateModified\":\"2026-01-11T20:38:40+00:00\",\"breadcrumb\":{\"@id\":\"https:\\\/\\\/www.icom-croatia.hr\\\/en\\\/membership\\\/members-list\\\/#breadcrumb\"},\"inLanguage\":\"en-US\",\"potentialAction\":[{\"@type\":\"ReadAction\",\"target\":[\"https:\\\/\\\/www.icom-croatia.hr\\\/en\\\/membership\\\/members-list\\\/\"]}]},{\"@type\":\"BreadcrumbList\",\"@id\":\"https:\\\/\\\/www.icom-croatia.hr\\\/en\\\/membership\\\/members-list\\\/#breadcrumb\",\"itemListElement\":[{\"@type\":\"ListItem\",\"position\":1,\"name\":\"Po\u010detna stranica\",\"item\":\"https:\\\/\\\/www.icom-croatia.hr\\\/\"},{\"@type\":\"ListItem\",\"position\":2,\"name\":\"Membership\",\"item\":\"https:\\\/\\\/www.icom-croatia.hr\\\/en\\\/membership\\\/\"},{\"@type\":\"ListItem\",\"position\":3,\"name\":\"Members List\"}]},{\"@type\":\"WebSite\",\"@id\":\"https:\\\/\\\/www.icom-croatia.hr\\\/#website\",\"url\":\"https:\\\/\\\/www.icom-croatia.hr\\\/\",\"name\":\"ICOM\",\"description\":\"\",\"publisher\":{\"@id\":\"https:\\\/\\\/www.icom-croatia.hr\\\/#organization\"},\"potentialAction\":[{\"@type\":\"SearchAction\",\"target\":{\"@type\":\"EntryPoint\",\"urlTemplate\":\"https:\\\/\\\/www.icom-croatia.hr\\\/?s={search_term_string}\"},\"query-input\":{\"@type\":\"PropertyValueSpecification\",\"valueRequired\":true,\"valueName\":\"search_term_string\"}}],\"inLanguage\":\"en-US\"},{\"@type\":\"Organization\",\"@id\":\"https:\\\/\\\/www.icom-croatia.hr\\\/#organization\",\"name\":\"ICOM\",\"url\":\"https:\\\/\\\/www.icom-croatia.hr\\\/\",\"logo\":{\"@type\":\"ImageObject\",\"inLanguage\":\"en-US\",\"@id\":\"https:\\\/\\\/www.icom-croatia.hr\\\/#\\\/schema\\\/logo\\\/image\\\/\",\"url\":\"http:\\\/\\\/localhost\\\/icom\\\/wp-content\\\/uploads\\\/2017\\\/11\\\/ICOM_RC_Europe-logo.jpg\",\"contentUrl\":\"http:\\\/\\\/localhost\\\/icom\\\/wp-content\\\/uploads\\\/2017\\\/11\\\/ICOM_RC_Europe-logo.jpg\",\"width\":380,\"height\":103,\"caption\":\"ICOM\"},\"image\":{\"@id\":\"https:\\\/\\\/www.icom-croatia.hr\\\/#\\\/schema\\\/logo\\\/image\\\/\"}}]}<\/script>\n<!-- \/ Yoast SEO plugin. -->","yoast_head_json":{"title":"Members List - ICOM","robots":{"index":"index","follow":"follow","max-snippet":"max-snippet:-1","max-image-preview":"max-image-preview:large","max-video-preview":"max-video-preview:-1"},"canonical":"https:\/\/www.icom-croatia.hr\/en\/membership\/members-list\/","og_locale":"en_US","og_type":"article","og_title":"Members List - ICOM","og_description":"Year 2023 ICOM Croatia institutional members: Arheolo\u0161ki muzej Istre Arheolo\u0161ki muzej Osijek Arheolo\u0161ki muzej Zagreb Arheolo\u0161ki muzej Split Dubrova\u010dki muzeji Dvor Trako\u0161\u0107an Etnografski muzej Zagreb Galerija Klovi\u0107evi Dvori Galerija Prica (POU Samobor) Galerija umjetnina Split Glyptoteka HAZU Gradski muzej Vara\u017edin Gradski muzej Virovitica Hrvatski muzej naivne umjetnosti Hrvatski muzej turizma Hrvatski povijesni muzej Hrvatski restauratorski [&hellip;]","og_url":"https:\/\/www.icom-croatia.hr\/en\/membership\/members-list\/","og_site_name":"ICOM","article_modified_time":"2026-01-11T20:38:40+00:00","twitter_card":"summary_large_image","twitter_misc":{"Est. reading time":"2 minutes"},"schema":{"@context":"https:\/\/schema.org","@graph":[{"@type":"WebPage","@id":"https:\/\/www.icom-croatia.hr\/en\/membership\/members-list\/","url":"https:\/\/www.icom-croatia.hr\/en\/membership\/members-list\/","name":"Members List - ICOM","isPartOf":{"@id":"https:\/\/www.icom-croatia.hr\/#website"},"datePublished":"2013-01-23T17:57:27+00:00","dateModified":"2026-01-11T20:38:40+00:00","breadcrumb":{"@id":"https:\/\/www.icom-croatia.hr\/en\/membership\/members-list\/#breadcrumb"},"inLanguage":"en-US","potentialAction":[{"@type":"ReadAction","target":["https:\/\/www.icom-croatia.hr\/en\/membership\/members-list\/"]}]},{"@type":"BreadcrumbList","@id":"https:\/\/www.icom-croatia.hr\/en\/membership\/members-list\/#breadcrumb","itemListElement":[{"@type":"ListItem","position":1,"name":"Po\u010detna stranica","item":"https:\/\/www.icom-croatia.hr\/"},{"@type":"ListItem","position":2,"name":"Membership","item":"https:\/\/www.icom-croatia.hr\/en\/membership\/"},{"@type":"ListItem","position":3,"name":"Members List"}]},{"@type":"WebSite","@id":"https:\/\/www.icom-croatia.hr\/#website","url":"https:\/\/www.icom-croatia.hr\/","name":"ICOM","description":"","publisher":{"@id":"https:\/\/www.icom-croatia.hr\/#organization"},"potentialAction":[{"@type":"SearchAction","target":{"@type":"EntryPoint","urlTemplate":"https:\/\/www.icom-croatia.hr\/?s={search_term_string}"},"query-input":{"@type":"PropertyValueSpecification","valueRequired":true,"valueName":"search_term_string"}}],"inLanguage":"en-US"},{"@type":"Organization","@id":"https:\/\/www.icom-croatia.hr\/#organization","name":"ICOM","url":"https:\/\/www.icom-croatia.hr\/","logo":{"@type":"ImageObject","inLanguage":"en-US","@id":"https:\/\/www.icom-croatia.hr\/#\/schema\/logo\/image\/","url":"http:\/\/localhost\/icom\/wp-content\/uploads\/2017\/11\/ICOM_RC_Europe-logo.jpg","contentUrl":"http:\/\/localhost\/icom\/wp-content\/uploads\/2017\/11\/ICOM_RC_Europe-logo.jpg","width":380,"height":103,"caption":"ICOM"},"image":{"@id":"https:\/\/www.icom-croatia.hr\/#\/schema\/logo\/image\/"}}]}},"_links":{"self":[{"href":"https:\/\/www.icom-croatia.hr\/en\/wp-json\/wp\/v2\/pages\/3681","targetHints":{"allow":["GET"]}}],"collection":[{"href":"https:\/\/www.icom-croatia.hr\/en\/wp-json\/wp\/v2\/pages"}],"about":[{"href":"https:\/\/www.icom-croatia.hr\/en\/wp-json\/wp\/v2\/types\/page"}],"author":[{"embeddable":true,"href":"https:\/\/www.icom-croatia.hr\/en\/wp-json\/wp\/v2\/users\/4"}],"replies":[{"embeddable":true,"href":"https:\/\/www.icom-croatia.hr\/en\/wp-json\/wp\/v2\/comments?post=3681"}],"version-history":[{"count":1,"href":"https:\/\/www.icom-croatia.hr\/en\/wp-json\/wp\/v2\/pages\/3681\/revisions"}],"predecessor-version":[{"id":4362,"href":"https:\/\/www.icom-croatia.hr\/en\/wp-json\/wp\/v2\/pages\/3681\/revisions\/4362"}],"up":[{"embeddable":true,"href":"https:\/\/www.icom-croatia.hr\/en\/wp-json\/wp\/v2\/pages\/3608"}],"wp:attachment":[{"href":"https:\/\/www.icom-croatia.hr\/en\/wp-json\/wp\/v2\/media?parent=3681"}],"curies":[{"name":"wp","href":"https:\/\/api.w.org\/{rel}","templated":true}]}}