{"id":3621,"date":"2011-11-23T11:15:46","date_gmt":"2011-11-23T11:15:46","guid":{"rendered":"https:\/\/www.icom-croatia.hr\/annual-reports\/"},"modified":"2011-11-23T11:15:46","modified_gmt":"2011-11-23T11:15:46","slug":"annual-reports","status":"publish","type":"page","link":"https:\/\/www.icom-croatia.hr\/en\/about-us\/annual-reports\/","title":{"rendered":"Annual Reports"},"content":{"rendered":"<p>All annual reports are in Croatian<\/p>\n<ul>\n<li><a href=\"https:\/\/www.icom-croatia.hr\/wp-content\/uploads\/2011\/11\/03-Izvjesce-o-radu-HNK-ICOM-a-za-2007.pdf\" target=\"_blank\">Izvje\u0161\u0107e o radu HNK ICOM- a za 2015.<\/a><\/li>\n<li><a href=\"https:\/\/www.icom-croatia.hr\/wp-content\/uploads\/2017\/04\/IZVJESTAJ-ICOM-HRVATSKA-redovita-2016-v2.pdf\">Izvje\u0161\u0107e o radu HNK ICOM- a za 2016.<\/a><\/li>\n<li><a href=\"https:\/\/www.icom-croatia.hr\/wp-content\/uploads\/2019\/04\/IZVJESTAJ-ICOM-HRVATSKA-redovita-2017-v3.pdf\">Izvje\u0161\u0107e o radu HNK ICOM- a za 2017.<\/a><\/li>\n<li><a href=\"https:\/\/www.icom-croatia.hr\/wp-content\/uploads\/2019\/04\/IZVJESTAJ-ICOM-HRVATSKA-redovita-2018-v3-ICOM-web.pdf\">Izvje\u0161\u0107e o radu HNK ICOM- a za 2018.<\/a><\/li>\n<li><a href=\"https:\/\/www.icom-croatia.hr\/wp-content\/uploads\/2020\/02\/IZVJESTAJ-ICOM-HRVATSKA-2019-v3-Web.pdf\">Izvje\u0161\u0107e o radu HNK ICOM- a za 2019.<\/a><\/li>\n<li><a href=\"https:\/\/www.icom-croatia.hr\/wp-content\/uploads\/2021\/12\/IZVJESTAJ-ICOM-HRVATSKA-redovita-2020-Zavrsno-web.pdf\">Izvje\u0161\u0107e o radu HNK ICOM- a za 2020.<\/a><\/li>\n<li><a href=\"https:\/\/www.icom-croatia.hr\/wp-content\/uploads\/2022\/11\/ZAVR\u0160NO-IZVJE\u0160\u0106E-HNK-ICOM-ZA-2021-za-web.pdf\">Izvje\u0161\u0107e o radu HNK ICOM- a za 2021.<\/a><\/li>\n<\/ul>\n","protected":false},"excerpt":{"rendered":"<p>All annual reports are in Croatian Izvje\u0161\u0107e o radu HNK ICOM- a za 2015. Izvje\u0161\u0107e o radu HNK ICOM- a za 2016. Izvje\u0161\u0107e o radu HNK ICOM- a za 2017. Izvje\u0161\u0107e o radu HNK ICOM- a za 2018. Izvje\u0161\u0107e o radu HNK ICOM- a za 2019. Izvje\u0161\u0107e o radu HNK ICOM- a za 2020. Izvje\u0161\u0107e [&hellip;]<\/p>\n","protected":false},"author":4,"featured_media":0,"parent":3593,"menu_order":5,"comment_status":"open","ping_status":"open","template":"","meta":{"footnotes":""},"class_list":["post-3621","page","type-page","status-publish","hentry"],"yoast_head":"<!-- This site is optimized with the Yoast SEO plugin v27.5 - https:\/\/yoast.com\/product\/yoast-seo-wordpress\/ -->\n<title>Annual Reports - ICOM<\/title>\n<meta name=\"robots\" content=\"index, follow, max-snippet:-1, max-image-preview:large, max-video-preview:-1\" \/>\n<link rel=\"canonical\" href=\"https:\/\/www.icom-croatia.hr\/en\/about-us\/annual-reports\/\" \/>\n<meta property=\"og:locale\" content=\"en_US\" \/>\n<meta property=\"og:type\" content=\"article\" \/>\n<meta property=\"og:title\" content=\"Annual Reports - ICOM\" \/>\n<meta property=\"og:description\" content=\"All annual reports are in Croatian Izvje\u0161\u0107e o radu HNK ICOM- a za 2015. Izvje\u0161\u0107e o radu HNK ICOM- a za 2016. Izvje\u0161\u0107e o radu HNK ICOM- a za 2017. Izvje\u0161\u0107e o radu HNK ICOM- a za 2018. Izvje\u0161\u0107e o radu HNK ICOM- a za 2019. Izvje\u0161\u0107e o radu HNK ICOM- a za 2020. Izvje\u0161\u0107e [&hellip;]\" \/>\n<meta property=\"og:url\" content=\"https:\/\/www.icom-croatia.hr\/en\/about-us\/annual-reports\/\" \/>\n<meta property=\"og:site_name\" content=\"ICOM\" \/>\n<meta name=\"twitter:card\" content=\"summary_large_image\" \/>\n<script type=\"application\/ld+json\" class=\"yoast-schema-graph\">{\"@context\":\"https:\\\/\\\/schema.org\",\"@graph\":[{\"@type\":\"WebPage\",\"@id\":\"https:\\\/\\\/www.icom-croatia.hr\\\/en\\\/about-us\\\/annual-reports\\\/\",\"url\":\"https:\\\/\\\/www.icom-croatia.hr\\\/en\\\/about-us\\\/annual-reports\\\/\",\"name\":\"Annual Reports - ICOM\",\"isPartOf\":{\"@id\":\"https:\\\/\\\/www.icom-croatia.hr\\\/#website\"},\"datePublished\":\"2011-11-23T11:15:46+00:00\",\"breadcrumb\":{\"@id\":\"https:\\\/\\\/www.icom-croatia.hr\\\/en\\\/about-us\\\/annual-reports\\\/#breadcrumb\"},\"inLanguage\":\"en-US\",\"potentialAction\":[{\"@type\":\"ReadAction\",\"target\":[\"https:\\\/\\\/www.icom-croatia.hr\\\/en\\\/about-us\\\/annual-reports\\\/\"]}]},{\"@type\":\"BreadcrumbList\",\"@id\":\"https:\\\/\\\/www.icom-croatia.hr\\\/en\\\/about-us\\\/annual-reports\\\/#breadcrumb\",\"itemListElement\":[{\"@type\":\"ListItem\",\"position\":1,\"name\":\"Po\u010detna stranica\",\"item\":\"https:\\\/\\\/www.icom-croatia.hr\\\/\"},{\"@type\":\"ListItem\",\"position\":2,\"name\":\"About Us\",\"item\":\"https:\\\/\\\/www.icom-croatia.hr\\\/en\\\/about-us\\\/\"},{\"@type\":\"ListItem\",\"position\":3,\"name\":\"Annual Reports\"}]},{\"@type\":\"WebSite\",\"@id\":\"https:\\\/\\\/www.icom-croatia.hr\\\/#website\",\"url\":\"https:\\\/\\\/www.icom-croatia.hr\\\/\",\"name\":\"ICOM\",\"description\":\"\",\"publisher\":{\"@id\":\"https:\\\/\\\/www.icom-croatia.hr\\\/#organization\"},\"potentialAction\":[{\"@type\":\"SearchAction\",\"target\":{\"@type\":\"EntryPoint\",\"urlTemplate\":\"https:\\\/\\\/www.icom-croatia.hr\\\/?s={search_term_string}\"},\"query-input\":{\"@type\":\"PropertyValueSpecification\",\"valueRequired\":true,\"valueName\":\"search_term_string\"}}],\"inLanguage\":\"en-US\"},{\"@type\":\"Organization\",\"@id\":\"https:\\\/\\\/www.icom-croatia.hr\\\/#organization\",\"name\":\"ICOM\",\"url\":\"https:\\\/\\\/www.icom-croatia.hr\\\/\",\"logo\":{\"@type\":\"ImageObject\",\"inLanguage\":\"en-US\",\"@id\":\"https:\\\/\\\/www.icom-croatia.hr\\\/#\\\/schema\\\/logo\\\/image\\\/\",\"url\":\"http:\\\/\\\/localhost\\\/icom\\\/wp-content\\\/uploads\\\/2017\\\/11\\\/ICOM_RC_Europe-logo.jpg\",\"contentUrl\":\"http:\\\/\\\/localhost\\\/icom\\\/wp-content\\\/uploads\\\/2017\\\/11\\\/ICOM_RC_Europe-logo.jpg\",\"width\":380,\"height\":103,\"caption\":\"ICOM\"},\"image\":{\"@id\":\"https:\\\/\\\/www.icom-croatia.hr\\\/#\\\/schema\\\/logo\\\/image\\\/\"}}]}<\/script>\n<!-- \/ Yoast SEO plugin. -->","yoast_head_json":{"title":"Annual Reports - ICOM","robots":{"index":"index","follow":"follow","max-snippet":"max-snippet:-1","max-image-preview":"max-image-preview:large","max-video-preview":"max-video-preview:-1"},"canonical":"https:\/\/www.icom-croatia.hr\/en\/about-us\/annual-reports\/","og_locale":"en_US","og_type":"article","og_title":"Annual Reports - ICOM","og_description":"All annual reports are in Croatian Izvje\u0161\u0107e o radu HNK ICOM- a za 2015. Izvje\u0161\u0107e o radu HNK ICOM- a za 2016. Izvje\u0161\u0107e o radu HNK ICOM- a za 2017. Izvje\u0161\u0107e o radu HNK ICOM- a za 2018. Izvje\u0161\u0107e o radu HNK ICOM- a za 2019. Izvje\u0161\u0107e o radu HNK ICOM- a za 2020. Izvje\u0161\u0107e [&hellip;]","og_url":"https:\/\/www.icom-croatia.hr\/en\/about-us\/annual-reports\/","og_site_name":"ICOM","twitter_card":"summary_large_image","schema":{"@context":"https:\/\/schema.org","@graph":[{"@type":"WebPage","@id":"https:\/\/www.icom-croatia.hr\/en\/about-us\/annual-reports\/","url":"https:\/\/www.icom-croatia.hr\/en\/about-us\/annual-reports\/","name":"Annual Reports - ICOM","isPartOf":{"@id":"https:\/\/www.icom-croatia.hr\/#website"},"datePublished":"2011-11-23T11:15:46+00:00","breadcrumb":{"@id":"https:\/\/www.icom-croatia.hr\/en\/about-us\/annual-reports\/#breadcrumb"},"inLanguage":"en-US","potentialAction":[{"@type":"ReadAction","target":["https:\/\/www.icom-croatia.hr\/en\/about-us\/annual-reports\/"]}]},{"@type":"BreadcrumbList","@id":"https:\/\/www.icom-croatia.hr\/en\/about-us\/annual-reports\/#breadcrumb","itemListElement":[{"@type":"ListItem","position":1,"name":"Po\u010detna stranica","item":"https:\/\/www.icom-croatia.hr\/"},{"@type":"ListItem","position":2,"name":"About Us","item":"https:\/\/www.icom-croatia.hr\/en\/about-us\/"},{"@type":"ListItem","position":3,"name":"Annual Reports"}]},{"@type":"WebSite","@id":"https:\/\/www.icom-croatia.hr\/#website","url":"https:\/\/www.icom-croatia.hr\/","name":"ICOM","description":"","publisher":{"@id":"https:\/\/www.icom-croatia.hr\/#organization"},"potentialAction":[{"@type":"SearchAction","target":{"@type":"EntryPoint","urlTemplate":"https:\/\/www.icom-croatia.hr\/?s={search_term_string}"},"query-input":{"@type":"PropertyValueSpecification","valueRequired":true,"valueName":"search_term_string"}}],"inLanguage":"en-US"},{"@type":"Organization","@id":"https:\/\/www.icom-croatia.hr\/#organization","name":"ICOM","url":"https:\/\/www.icom-croatia.hr\/","logo":{"@type":"ImageObject","inLanguage":"en-US","@id":"https:\/\/www.icom-croatia.hr\/#\/schema\/logo\/image\/","url":"http:\/\/localhost\/icom\/wp-content\/uploads\/2017\/11\/ICOM_RC_Europe-logo.jpg","contentUrl":"http:\/\/localhost\/icom\/wp-content\/uploads\/2017\/11\/ICOM_RC_Europe-logo.jpg","width":380,"height":103,"caption":"ICOM"},"image":{"@id":"https:\/\/www.icom-croatia.hr\/#\/schema\/logo\/image\/"}}]}},"_links":{"self":[{"href":"https:\/\/www.icom-croatia.hr\/en\/wp-json\/wp\/v2\/pages\/3621","targetHints":{"allow":["GET"]}}],"collection":[{"href":"https:\/\/www.icom-croatia.hr\/en\/wp-json\/wp\/v2\/pages"}],"about":[{"href":"https:\/\/www.icom-croatia.hr\/en\/wp-json\/wp\/v2\/types\/page"}],"author":[{"embeddable":true,"href":"https:\/\/www.icom-croatia.hr\/en\/wp-json\/wp\/v2\/users\/4"}],"replies":[{"embeddable":true,"href":"https:\/\/www.icom-croatia.hr\/en\/wp-json\/wp\/v2\/comments?post=3621"}],"version-history":[{"count":0,"href":"https:\/\/www.icom-croatia.hr\/en\/wp-json\/wp\/v2\/pages\/3621\/revisions"}],"up":[{"embeddable":true,"href":"https:\/\/www.icom-croatia.hr\/en\/wp-json\/wp\/v2\/pages\/3593"}],"wp:attachment":[{"href":"https:\/\/www.icom-croatia.hr\/en\/wp-json\/wp\/v2\/media?parent=3621"}],"curies":[{"name":"wp","href":"https:\/\/api.w.org\/{rel}","templated":true}]}}