{"id":3595,"date":"2011-11-19T15:13:28","date_gmt":"2011-11-19T15:13:28","guid":{"rendered":"https:\/\/www.icom-croatia.hr\/history-heritage\/"},"modified":"2011-11-19T15:13:28","modified_gmt":"2011-11-19T15:13:28","slug":"history-heritage","status":"publish","type":"page","link":"https:\/\/www.icom-croatia.hr\/en\/about-us\/history-heritage\/","title":{"rendered":"History &amp; Heritage"},"content":{"rendered":"<p>ICOM Croatia was founded in 1991\u00a0 and was admitted to\u00a0 ICOM membership at General Assembly in Quebec City in 1992. The headquarters of the ICOM Croatia is currently in the city of Rijeka at the Natural History Museum Rijeka. Program activities are financially supported by Croatian Ministry of Culture and city\/county departments responsible for culture.<br \/>\nCroatian National Committee of ICOM is governed by Assembly as a decision-making organ that meets every year. It elects four members of the Executive Board and the Chair for a period of three years.<\/p>\n<p>Previous Chairs:<br \/>\n1991. &#8211; 1996. Damodar Frlan<br \/>\n1996. &#8211; 2002. \u017delimir Ko\u0161\u010devi\u0107<br \/>\n2002. &#8211; 2005. \u017deljka Kolveshi<br \/>\n2005. &#8211; 2011. Damodar Frlan<br \/>\n2011. &#8211; 2014. Lidija Niko\u010devi\u0107<br \/>\n2014. &#8211; 2017. Darko Babi\u0107<br \/>\n2017. &#8211; 2020. Darko Babi\u0107<br \/>\n2020. &#8211; 2023. \u017deljka Modri\u0107 Surina<\/p>\n<p>Current Chair:<br \/>\n2024. &#8211; 2027. \u017deljka Modri\u0107 Surina<\/p>\n","protected":false},"excerpt":{"rendered":"<p>ICOM Croatia was founded in 1991\u00a0 and was admitted to\u00a0 ICOM membership at General Assembly in Quebec City in 1992. The headquarters of the ICOM Croatia is currently in the city of Rijeka at the Natural History Museum Rijeka. Program activities are financially supported by Croatian Ministry of Culture and city\/county departments responsible for culture. [&hellip;]<\/p>\n","protected":false},"author":4,"featured_media":0,"parent":3593,"menu_order":6,"comment_status":"open","ping_status":"open","template":"","meta":{"footnotes":""},"class_list":["post-3595","page","type-page","status-publish","hentry"],"yoast_head":"<!-- This site is optimized with the Yoast SEO plugin v27.5 - https:\/\/yoast.com\/product\/yoast-seo-wordpress\/ -->\n<title>History &amp; Heritage - ICOM<\/title>\n<meta name=\"robots\" content=\"index, follow, max-snippet:-1, max-image-preview:large, max-video-preview:-1\" \/>\n<link rel=\"canonical\" href=\"https:\/\/www.icom-croatia.hr\/en\/about-us\/history-heritage\/\" \/>\n<meta property=\"og:locale\" content=\"en_US\" \/>\n<meta property=\"og:type\" content=\"article\" \/>\n<meta property=\"og:title\" content=\"History &amp; Heritage - ICOM\" \/>\n<meta property=\"og:description\" content=\"ICOM Croatia was founded in 1991\u00a0 and was admitted to\u00a0 ICOM membership at General Assembly in Quebec City in 1992. The headquarters of the ICOM Croatia is currently in the city of Rijeka at the Natural History Museum Rijeka. Program activities are financially supported by Croatian Ministry of Culture and city\/county departments responsible for culture. [&hellip;]\" \/>\n<meta property=\"og:url\" content=\"https:\/\/www.icom-croatia.hr\/en\/about-us\/history-heritage\/\" \/>\n<meta property=\"og:site_name\" content=\"ICOM\" \/>\n<meta name=\"twitter:card\" content=\"summary_large_image\" \/>\n<meta name=\"twitter:label1\" content=\"Est. reading time\" \/>\n\t<meta name=\"twitter:data1\" content=\"1 minute\" \/>\n<script type=\"application\/ld+json\" class=\"yoast-schema-graph\">{\"@context\":\"https:\\\/\\\/schema.org\",\"@graph\":[{\"@type\":\"WebPage\",\"@id\":\"https:\\\/\\\/www.icom-croatia.hr\\\/en\\\/about-us\\\/history-heritage\\\/\",\"url\":\"https:\\\/\\\/www.icom-croatia.hr\\\/en\\\/about-us\\\/history-heritage\\\/\",\"name\":\"History &amp; Heritage - ICOM\",\"isPartOf\":{\"@id\":\"https:\\\/\\\/www.icom-croatia.hr\\\/#website\"},\"datePublished\":\"2011-11-19T15:13:28+00:00\",\"breadcrumb\":{\"@id\":\"https:\\\/\\\/www.icom-croatia.hr\\\/en\\\/about-us\\\/history-heritage\\\/#breadcrumb\"},\"inLanguage\":\"en-US\",\"potentialAction\":[{\"@type\":\"ReadAction\",\"target\":[\"https:\\\/\\\/www.icom-croatia.hr\\\/en\\\/about-us\\\/history-heritage\\\/\"]}]},{\"@type\":\"BreadcrumbList\",\"@id\":\"https:\\\/\\\/www.icom-croatia.hr\\\/en\\\/about-us\\\/history-heritage\\\/#breadcrumb\",\"itemListElement\":[{\"@type\":\"ListItem\",\"position\":1,\"name\":\"Po\u010detna stranica\",\"item\":\"https:\\\/\\\/www.icom-croatia.hr\\\/\"},{\"@type\":\"ListItem\",\"position\":2,\"name\":\"About Us\",\"item\":\"https:\\\/\\\/www.icom-croatia.hr\\\/en\\\/about-us\\\/\"},{\"@type\":\"ListItem\",\"position\":3,\"name\":\"History &amp; Heritage\"}]},{\"@type\":\"WebSite\",\"@id\":\"https:\\\/\\\/www.icom-croatia.hr\\\/#website\",\"url\":\"https:\\\/\\\/www.icom-croatia.hr\\\/\",\"name\":\"ICOM\",\"description\":\"\",\"publisher\":{\"@id\":\"https:\\\/\\\/www.icom-croatia.hr\\\/#organization\"},\"potentialAction\":[{\"@type\":\"SearchAction\",\"target\":{\"@type\":\"EntryPoint\",\"urlTemplate\":\"https:\\\/\\\/www.icom-croatia.hr\\\/?s={search_term_string}\"},\"query-input\":{\"@type\":\"PropertyValueSpecification\",\"valueRequired\":true,\"valueName\":\"search_term_string\"}}],\"inLanguage\":\"en-US\"},{\"@type\":\"Organization\",\"@id\":\"https:\\\/\\\/www.icom-croatia.hr\\\/#organization\",\"name\":\"ICOM\",\"url\":\"https:\\\/\\\/www.icom-croatia.hr\\\/\",\"logo\":{\"@type\":\"ImageObject\",\"inLanguage\":\"en-US\",\"@id\":\"https:\\\/\\\/www.icom-croatia.hr\\\/#\\\/schema\\\/logo\\\/image\\\/\",\"url\":\"http:\\\/\\\/localhost\\\/icom\\\/wp-content\\\/uploads\\\/2017\\\/11\\\/ICOM_RC_Europe-logo.jpg\",\"contentUrl\":\"http:\\\/\\\/localhost\\\/icom\\\/wp-content\\\/uploads\\\/2017\\\/11\\\/ICOM_RC_Europe-logo.jpg\",\"width\":380,\"height\":103,\"caption\":\"ICOM\"},\"image\":{\"@id\":\"https:\\\/\\\/www.icom-croatia.hr\\\/#\\\/schema\\\/logo\\\/image\\\/\"}}]}<\/script>\n<!-- \/ Yoast SEO plugin. -->","yoast_head_json":{"title":"History &amp; Heritage - ICOM","robots":{"index":"index","follow":"follow","max-snippet":"max-snippet:-1","max-image-preview":"max-image-preview:large","max-video-preview":"max-video-preview:-1"},"canonical":"https:\/\/www.icom-croatia.hr\/en\/about-us\/history-heritage\/","og_locale":"en_US","og_type":"article","og_title":"History &amp; Heritage - ICOM","og_description":"ICOM Croatia was founded in 1991\u00a0 and was admitted to\u00a0 ICOM membership at General Assembly in Quebec City in 1992. The headquarters of the ICOM Croatia is currently in the city of Rijeka at the Natural History Museum Rijeka. Program activities are financially supported by Croatian Ministry of Culture and city\/county departments responsible for culture. [&hellip;]","og_url":"https:\/\/www.icom-croatia.hr\/en\/about-us\/history-heritage\/","og_site_name":"ICOM","twitter_card":"summary_large_image","twitter_misc":{"Est. reading time":"1 minute"},"schema":{"@context":"https:\/\/schema.org","@graph":[{"@type":"WebPage","@id":"https:\/\/www.icom-croatia.hr\/en\/about-us\/history-heritage\/","url":"https:\/\/www.icom-croatia.hr\/en\/about-us\/history-heritage\/","name":"History &amp; Heritage - ICOM","isPartOf":{"@id":"https:\/\/www.icom-croatia.hr\/#website"},"datePublished":"2011-11-19T15:13:28+00:00","breadcrumb":{"@id":"https:\/\/www.icom-croatia.hr\/en\/about-us\/history-heritage\/#breadcrumb"},"inLanguage":"en-US","potentialAction":[{"@type":"ReadAction","target":["https:\/\/www.icom-croatia.hr\/en\/about-us\/history-heritage\/"]}]},{"@type":"BreadcrumbList","@id":"https:\/\/www.icom-croatia.hr\/en\/about-us\/history-heritage\/#breadcrumb","itemListElement":[{"@type":"ListItem","position":1,"name":"Po\u010detna stranica","item":"https:\/\/www.icom-croatia.hr\/"},{"@type":"ListItem","position":2,"name":"About Us","item":"https:\/\/www.icom-croatia.hr\/en\/about-us\/"},{"@type":"ListItem","position":3,"name":"History &amp; Heritage"}]},{"@type":"WebSite","@id":"https:\/\/www.icom-croatia.hr\/#website","url":"https:\/\/www.icom-croatia.hr\/","name":"ICOM","description":"","publisher":{"@id":"https:\/\/www.icom-croatia.hr\/#organization"},"potentialAction":[{"@type":"SearchAction","target":{"@type":"EntryPoint","urlTemplate":"https:\/\/www.icom-croatia.hr\/?s={search_term_string}"},"query-input":{"@type":"PropertyValueSpecification","valueRequired":true,"valueName":"search_term_string"}}],"inLanguage":"en-US"},{"@type":"Organization","@id":"https:\/\/www.icom-croatia.hr\/#organization","name":"ICOM","url":"https:\/\/www.icom-croatia.hr\/","logo":{"@type":"ImageObject","inLanguage":"en-US","@id":"https:\/\/www.icom-croatia.hr\/#\/schema\/logo\/image\/","url":"http:\/\/localhost\/icom\/wp-content\/uploads\/2017\/11\/ICOM_RC_Europe-logo.jpg","contentUrl":"http:\/\/localhost\/icom\/wp-content\/uploads\/2017\/11\/ICOM_RC_Europe-logo.jpg","width":380,"height":103,"caption":"ICOM"},"image":{"@id":"https:\/\/www.icom-croatia.hr\/#\/schema\/logo\/image\/"}}]}},"_links":{"self":[{"href":"https:\/\/www.icom-croatia.hr\/en\/wp-json\/wp\/v2\/pages\/3595","targetHints":{"allow":["GET"]}}],"collection":[{"href":"https:\/\/www.icom-croatia.hr\/en\/wp-json\/wp\/v2\/pages"}],"about":[{"href":"https:\/\/www.icom-croatia.hr\/en\/wp-json\/wp\/v2\/types\/page"}],"author":[{"embeddable":true,"href":"https:\/\/www.icom-croatia.hr\/en\/wp-json\/wp\/v2\/users\/4"}],"replies":[{"embeddable":true,"href":"https:\/\/www.icom-croatia.hr\/en\/wp-json\/wp\/v2\/comments?post=3595"}],"version-history":[{"count":0,"href":"https:\/\/www.icom-croatia.hr\/en\/wp-json\/wp\/v2\/pages\/3595\/revisions"}],"up":[{"embeddable":true,"href":"https:\/\/www.icom-croatia.hr\/en\/wp-json\/wp\/v2\/pages\/3593"}],"wp:attachment":[{"href":"https:\/\/www.icom-croatia.hr\/en\/wp-json\/wp\/v2\/media?parent=3595"}],"curies":[{"name":"wp","href":"https:\/\/api.w.org\/{rel}","templated":true}]}}